{"id":84,"date":"2024-04-28T13:06:59","date_gmt":"2024-04-28T11:06:59","guid":{"rendered":"http:\/\/sainter.cluster030.hosting.ovh.net\/?page_id=84"},"modified":"2025-03-09T21:49:20","modified_gmt":"2025-03-09T20:49:20","slug":"inscription","status":"publish","type":"page","link":"https:\/\/www.sainte-anne07.fr\/index.php\/inscription\/","title":{"rendered":"Inscription"},"content":{"rendered":"<style>.kb-row-layout-id84_a9be1f-89 > .kt-row-column-wrap{align-content:center;}:where(.kb-row-layout-id84_a9be1f-89 > .kt-row-column-wrap) > .wp-block-kadence-column{justify-content:center;}.kb-row-layout-id84_a9be1f-89 > .kt-row-column-wrap{column-gap:var(--global-kb-gap-md, 2rem);row-gap:var(--global-kb-gap-md, 2rem);max-width:var( --global-content-width, 1290px );padding-left:var(--global-content-edge-padding);padding-right:var(--global-content-edge-padding);padding-top:var(--global-kb-spacing-3xl, 6.5rem);padding-bottom:var(--global-kb-spacing-xxl, 5rem);grid-template-columns:minmax(0, 1fr);}.kb-row-layout-id84_a9be1f-89{background-image:url('http:\/\/sainter.cluster030.hosting.ovh.net\/wp-content\/uploads\/2024\/04\/P1073313-1024x683.jpg');background-size:cover;background-position:center center;background-attachment:scroll;background-repeat:no-repeat;}.kb-row-layout-id84_a9be1f-89 > .kt-row-layout-overlay{opacity:0.90;background:linear-gradient(135deg,var(--global-palette1,#ffffff) 0%,var(--global-palette2,#EDF2F7) 100%);mix-blend-mode:normal;}.kb-row-layout-id84_a9be1f-89 .kt-row-layout-bottom-sep{height:100px;}.kb-row-layout-id84_a9be1f-89 .kt-row-layout-bottom-sep svg{width:100%;}.kb-row-layout-id84_a9be1f-89 .kt-row-layout-bottom-sep svg{fill:var(--global-palette9, #ffffff)!important;}@media all and (max-width: 1024px){.kb-row-layout-id84_a9be1f-89 > .kt-row-column-wrap{grid-template-columns:minmax(0, 1fr);}}@media all and (max-width: 1024px){.kb-row-layout-id84_a9be1f-89 .kt-row-layout-bottom-sep{height:px;}}@media all and (max-width: 1024px){.kb-row-layout-id84_a9be1f-89 .kt-row-layout-bottom-sep svg{width:%;}}@media all and (max-width: 767px){.kb-row-layout-id84_a9be1f-89 > .kt-row-column-wrap{padding-top:var(--global-kb-spacing-xl, 4rem);padding-bottom:var(--global-kb-spacing-xl, 4rem);grid-template-columns:minmax(0, 1fr);}.kb-row-layout-id84_a9be1f-89 .kt-row-layout-bottom-sep{height:px;}.kb-row-layout-id84_a9be1f-89 .kt-row-layout-bottom-sep svg{width:%;}}<\/style><div class=\"kb-row-layout-wrap kb-row-layout-id84_a9be1f-89 alignfull kt-row-has-bg kb-divider-static wp-block-kadence-rowlayout\"><div class=\"kt-row-layout-overlay kt-row-overlay-gradient\"><\/div><div class=\"kt-row-layout-bottom-sep kt-row-sep-type-sltl\"><svg viewBox=\"0 0 1000 100\" preserveAspectRatio=\"none\"><path d=\"M1000,0l-1000,100l1000,0l0,-100Z\" \/><\/svg><\/div><div class=\"kt-row-column-wrap kt-has-1-columns kt-row-layout-equal kt-tab-layout-inherit kt-mobile-layout-row kt-row-valign-middle kb-theme-content-width\">\n<style>.kadence-column84_02d3a1-ee > .kt-inside-inner-col,.kadence-column84_02d3a1-ee > .kt-inside-inner-col:before{border-top-left-radius:0px;border-top-right-radius:0px;border-bottom-right-radius:0px;border-bottom-left-radius:0px;}.kadence-column84_02d3a1-ee > .kt-inside-inner-col{column-gap:var(--global-kb-gap-sm, 1rem);}.kadence-column84_02d3a1-ee > .kt-inside-inner-col{flex-direction:column;}.kadence-column84_02d3a1-ee > .kt-inside-inner-col > .aligncenter{width:100%;}.kadence-column84_02d3a1-ee > .kt-inside-inner-col:before{opacity:0.3;}.kadence-column84_02d3a1-ee{position:relative;}@media all and (max-width: 1024px){.kadence-column84_02d3a1-ee > .kt-inside-inner-col{flex-direction:column;}}@media all and (max-width: 767px){.kadence-column84_02d3a1-ee > .kt-inside-inner-col{flex-direction:column;}}<\/style>\n<div class=\"wp-block-kadence-column kadence-column84_02d3a1-ee inner-column-1\"><div class=\"kt-inside-inner-col\"><style>.wp-block-kadence-advancedheading.kt-adv-heading84_353dce-f7, .wp-block-kadence-advancedheading.kt-adv-heading84_353dce-f7[data-kb-block=\"kb-adv-heading84_353dce-f7\"]{margin-top:var(--global-kb-spacing-xs, 1rem);text-align:center;font-size:var(--global-kb-font-size-xl, 3rem);line-height:1;font-style:normal;}.wp-block-kadence-advancedheading.kt-adv-heading84_353dce-f7 mark, .wp-block-kadence-advancedheading.kt-adv-heading84_353dce-f7[data-kb-block=\"kb-adv-heading84_353dce-f7\"] mark{font-style:normal;color:#f76a0c;padding-top:0px;padding-right:0px;padding-bottom:0px;padding-left:0px;}@media all and (max-width: 1024px){.wp-block-kadence-advancedheading.kt-adv-heading84_353dce-f7, .wp-block-kadence-advancedheading.kt-adv-heading84_353dce-f7[data-kb-block=\"kb-adv-heading84_353dce-f7\"]{font-size:60px;}}@media all and (max-width: 767px){.wp-block-kadence-advancedheading.kt-adv-heading84_353dce-f7, .wp-block-kadence-advancedheading.kt-adv-heading84_353dce-f7[data-kb-block=\"kb-adv-heading84_353dce-f7\"]{font-size:40px;}}<\/style>\n<h1 class=\"kt-adv-heading84_353dce-f7 wp-block-kadence-advancedheading has-theme-palette-9-color has-text-color\" data-kb-block=\"kb-adv-heading84_353dce-f7\">Inscription<\/h1>\n<\/div><\/div>\n\n\n<style>.kadence-column84_81e323-95 > .kt-inside-inner-col,.kadence-column84_81e323-95 > .kt-inside-inner-col:before{border-top-left-radius:0px;border-top-right-radius:0px;border-bottom-right-radius:0px;border-bottom-left-radius:0px;}.kadence-column84_81e323-95 > .kt-inside-inner-col{column-gap:var(--global-kb-gap-sm, 1rem);}.kadence-column84_81e323-95 > .kt-inside-inner-col{flex-direction:column;}.kadence-column84_81e323-95 > .kt-inside-inner-col > .aligncenter{width:100%;}.kadence-column84_81e323-95 > .kt-inside-inner-col:before{opacity:0.3;}.kadence-column84_81e323-95{position:relative;}@media all and (max-width: 1024px){.kadence-column84_81e323-95 > .kt-inside-inner-col{flex-direction:column;}}@media all and (max-width: 767px){.kadence-column84_81e323-95 > .kt-inside-inner-col{flex-direction:column;}}<\/style>\n<div class=\"wp-block-kadence-column kadence-column84_81e323-95\"><div class=\"kt-inside-inner-col\">\n<p class=\"has-theme-palette-9-color has-text-color has-link-color has-medium-font-size wp-elements-1d3aeada3f3f216aa28182a8282c5692\" style=\"font-style:normal;font-weight:200\">Pour inscrire votre enfant \u00e0 l&rsquo;\u00e9cole Sainte Anne pour la rentr\u00e9e 2025, vous pouvez contacter le chef d&rsquo;\u00e9tablissement, M. REGIS.<\/p>\n<\/div><\/div>\n\n<\/div><\/div>\n\n\n<div class=\"wp-block-group is-nowrap is-layout-flex wp-container-core-group-is-layout-ad2f72ca wp-block-group-is-layout-flex\"><style>.kt-svg-icons84_f0f2cf-ba .kt-svg-item-0 .kb-svg-icon-wrap{color:var(--global-palette4, #2D3748);font-size:50px;}.wp-block-kadence-icon.kt-svg-icons84_f0f2cf-ba{justify-content:center;}<\/style>\n<div class=\"wp-block-kadence-icon kt-svg-icons kt-svg-icons84_f0f2cf-ba alignnone\"><style>.kt-svg-item-84_176c36-59 .kb-svg-icon-wrap{font-size:25px;}<\/style>\n<div class=\"wp-block-kadence-single-icon kt-svg-style-default kt-svg-icon-wrap kt-svg-item-84_176c36-59\"><span class=\"kb-svg-icon-wrap kb-svg-icon-fe_mail\"><svg viewBox=\"0 0 24 24\"  fill=\"none\" stroke=\"currentColor\" stroke-width=\"2\" stroke-linecap=\"round\" stroke-linejoin=\"round\" xmlns=\"http:\/\/www.w3.org\/2000\/svg\"  aria-hidden=\"true\"><path d=\"M4 4h16c1.1 0 2 .9 2 2v12c0 1.1-.9 2-2 2H4c-1.1 0-2-.9-2-2V6c0-1.1.9-2 2-2z\"\/><polyline points=\"22,6 12,13 2,6\"\/><\/svg><\/span><\/div>\n<\/div>\n\n\n<style>.wp-block-kadence-advancedheading.kt-adv-heading84_c01659-98, .wp-block-kadence-advancedheading.kt-adv-heading84_c01659-98[data-kb-block=\"kb-adv-heading84_c01659-98\"]{font-style:normal;}.wp-block-kadence-advancedheading.kt-adv-heading84_c01659-98 mark, .wp-block-kadence-advancedheading.kt-adv-heading84_c01659-98[data-kb-block=\"kb-adv-heading84_c01659-98\"] mark{font-style:normal;color:#f76a0c;padding-top:0px;padding-right:0px;padding-bottom:0px;padding-left:0px;}<\/style>\n<p class=\"kt-adv-heading84_c01659-98 wp-block-kadence-advancedheading\" data-kb-block=\"kb-adv-heading84_c01659-98\">ecole.sainte.anne07@gmail.com            <\/p>\n\n\n<style>.kt-svg-icons84_36dc78-ef .kt-svg-item-0 .kb-svg-icon-wrap{color:var(--global-palette4, #2D3748);font-size:50px;}.wp-block-kadence-icon.kt-svg-icons84_36dc78-ef{justify-content:center;}<\/style>\n<div class=\"wp-block-kadence-icon kt-svg-icons kt-svg-icons84_36dc78-ef alignnone\"><style>.kt-svg-item-84_f23ff3-59 .kb-svg-icon-wrap{font-size:25px;}<\/style>\n<div class=\"wp-block-kadence-single-icon kt-svg-style-default kt-svg-icon-wrap kt-svg-item-84_f23ff3-59\"><span class=\"kb-svg-icon-wrap kb-svg-icon-fe_phone\"><svg viewBox=\"0 0 24 24\"  fill=\"none\" stroke=\"currentColor\" stroke-width=\"2\" stroke-linecap=\"round\" stroke-linejoin=\"round\" xmlns=\"http:\/\/www.w3.org\/2000\/svg\"  aria-hidden=\"true\"><path d=\"M22 16.92v3a2 2 0 0 1-2.18 2 19.79 19.79 0 0 1-8.63-3.07 19.5 19.5 0 0 1-6-6 19.79 19.79 0 0 1-3.07-8.67A2 2 0 0 1 4.11 2h3a2 2 0 0 1 2 1.72 12.84 12.84 0 0 0 .7 2.81 2 2 0 0 1-.45 2.11L8.09 9.91a16 16 0 0 0 6 6l1.27-1.27a2 2 0 0 1 2.11-.45 12.84 12.84 0 0 0 2.81.7A2 2 0 0 1 22 16.92z\"\/><\/svg><\/span><\/div>\n<\/div>\n\n\n<style>.wp-block-kadence-advancedheading.kt-adv-heading84_0e7cca-45, .wp-block-kadence-advancedheading.kt-adv-heading84_0e7cca-45[data-kb-block=\"kb-adv-heading84_0e7cca-45\"]{font-style:normal;}.wp-block-kadence-advancedheading.kt-adv-heading84_0e7cca-45 mark, .wp-block-kadence-advancedheading.kt-adv-heading84_0e7cca-45[data-kb-block=\"kb-adv-heading84_0e7cca-45\"] mark{font-style:normal;color:#f76a0c;padding-top:0px;padding-right:0px;padding-bottom:0px;padding-left:0px;}<\/style>\n<p class=\"kt-adv-heading84_0e7cca-45 wp-block-kadence-advancedheading\" data-kb-block=\"kb-adv-heading84_0e7cca-45\">04 75 07 26 87<\/p>\n<\/div>\n\n\n<style>.kb-row-layout-id84_d255b3-97 > .kt-row-column-wrap{align-content:center;}:where(.kb-row-layout-id84_d255b3-97 > .kt-row-column-wrap) > .wp-block-kadence-column{justify-content:center;}.kb-row-layout-id84_d255b3-97 > .kt-row-column-wrap{column-gap:var(--global-kb-gap-md, 2rem);row-gap:var(--global-kb-gap-md, 2rem);max-width:var( --global-content-width, 1290px );padding-left:var(--global-content-edge-padding);padding-right:var(--global-content-edge-padding);padding-top:var(--global-kb-spacing-4xl, 8rem);padding-bottom:var(--global-kb-spacing-xxl, 5rem);grid-template-columns:minmax(0, 1fr) minmax(0, 1fr) minmax(0, 2fr);}.kb-row-layout-id84_d255b3-97 > .kt-row-layout-overlay{opacity:0.30;}@media all and (max-width: 1024px){.kb-row-layout-id84_d255b3-97 > .kt-row-column-wrap{column-gap:var(--global-kb-gap-md, 2rem);padding-top:var(--global-kb-spacing-lg, 3rem);padding-bottom:var(--global-kb-spacing-lg, 3rem);grid-template-columns:repeat(2, minmax(0, 1fr));}}@media all and (max-width: 1024px){.kb-row-layout-id84_d255b3-97 > .kt-row-column-wrap > *:nth-child(3n of *:not(style)){grid-column:1 \/ -1;}}@media all and (max-width: 767px){.kb-row-layout-id84_d255b3-97 > .kt-row-column-wrap{padding-right:var(--global-kb-spacing-xxs, 0.5rem);padding-left:var(--global-kb-spacing-xxs, 0.5rem);grid-template-columns:minmax(0, 1fr);}}<\/style><div class=\"kb-row-layout-wrap kb-row-layout-id84_d255b3-97 alignfull has-theme-palette9-background-color kt-row-has-bg wp-block-kadence-rowlayout\"><div class=\"kt-row-column-wrap kt-has-3-columns kt-row-layout-equal kt-tab-layout-last-row kt-mobile-layout-row kt-row-valign-middle kb-theme-content-width\">\n<style>.kadence-column84_55cb98-e0 > .kt-inside-inner-col,.kadence-column84_55cb98-e0 > .kt-inside-inner-col:before{border-top-left-radius:0px;border-top-right-radius:0px;border-bottom-right-radius:0px;border-bottom-left-radius:0px;}.kadence-column84_55cb98-e0 > .kt-inside-inner-col{column-gap:var(--global-kb-gap-sm, 1rem);}.kadence-column84_55cb98-e0 > .kt-inside-inner-col{flex-direction:column;}.kadence-column84_55cb98-e0 > .kt-inside-inner-col > .aligncenter{width:100%;}.kadence-column84_55cb98-e0 > .kt-inside-inner-col:before{opacity:0.3;}.kadence-column84_55cb98-e0{position:relative;}@media all and (max-width: 1024px){.kadence-column84_55cb98-e0 > .kt-inside-inner-col{flex-direction:column;}}@media all and (max-width: 767px){.kadence-column84_55cb98-e0 > .kt-inside-inner-col{flex-direction:column;}}<\/style>\n<div class=\"wp-block-kadence-column kadence-column84_55cb98-e0\"><div class=\"kt-inside-inner-col\"><\/div><\/div>\n\n\n<style>.kadence-column84_5ca8d6-c2 > .kt-inside-inner-col,.kadence-column84_5ca8d6-c2 > .kt-inside-inner-col:before{border-top-left-radius:0px;border-top-right-radius:0px;border-bottom-right-radius:0px;border-bottom-left-radius:0px;}.kadence-column84_5ca8d6-c2 > .kt-inside-inner-col{column-gap:var(--global-kb-gap-sm, 1rem);}.kadence-column84_5ca8d6-c2 > .kt-inside-inner-col{flex-direction:column;}.kadence-column84_5ca8d6-c2 > .kt-inside-inner-col > .aligncenter{width:100%;}.kadence-column84_5ca8d6-c2 > .kt-inside-inner-col:before{opacity:0.3;}.kadence-column84_5ca8d6-c2{position:relative;}@media all and (max-width: 1024px){.kadence-column84_5ca8d6-c2 > .kt-inside-inner-col{flex-direction:column;}}@media all and (max-width: 767px){.kadence-column84_5ca8d6-c2 > .kt-inside-inner-col{flex-direction:column;}}<\/style>\n<div class=\"wp-block-kadence-column kadence-column84_5ca8d6-c2\"><div class=\"kt-inside-inner-col\">\n<figure class=\"wp-block-image size-full\"><img loading=\"lazy\" decoding=\"async\" width=\"1350\" height=\"1688\" src=\"https:\/\/www.sainte-anne07.fr\/wp-content\/uploads\/2025\/03\/Portes-ouvertes-2025.jpg\" alt=\"\" class=\"wp-image-167\" srcset=\"https:\/\/www.sainte-anne07.fr\/wp-content\/uploads\/2025\/03\/Portes-ouvertes-2025.jpg 1350w, https:\/\/www.sainte-anne07.fr\/wp-content\/uploads\/2025\/03\/Portes-ouvertes-2025-240x300.jpg 240w, https:\/\/www.sainte-anne07.fr\/wp-content\/uploads\/2025\/03\/Portes-ouvertes-2025-819x1024.jpg 819w, https:\/\/www.sainte-anne07.fr\/wp-content\/uploads\/2025\/03\/Portes-ouvertes-2025-768x960.jpg 768w, https:\/\/www.sainte-anne07.fr\/wp-content\/uploads\/2025\/03\/Portes-ouvertes-2025-1228x1536.jpg 1228w\" sizes=\"auto, (max-width: 1350px) 100vw, 1350px\" \/><\/figure>\n<\/div><\/div>\n\n\n<style>.kadence-column84_e6f09d-e9 > .kt-inside-inner-col,.kadence-column84_e6f09d-e9 > .kt-inside-inner-col:before{border-top-left-radius:0px;border-top-right-radius:0px;border-bottom-right-radius:0px;border-bottom-left-radius:0px;}.kadence-column84_e6f09d-e9 > .kt-inside-inner-col{column-gap:var(--global-kb-gap-sm, 1rem);}.kadence-column84_e6f09d-e9 > .kt-inside-inner-col{flex-direction:column;}.kadence-column84_e6f09d-e9 > .kt-inside-inner-col > .aligncenter{width:100%;}.kadence-column84_e6f09d-e9 > .kt-inside-inner-col:before{opacity:0.3;}.kadence-column84_e6f09d-e9{position:relative;}@media all and (max-width: 1024px){.kadence-column84_e6f09d-e9 > .kt-inside-inner-col{flex-direction:column;}}@media all and (max-width: 767px){.kadence-column84_e6f09d-e9 > .kt-inside-inner-col{flex-direction:column;}}<\/style>\n<div class=\"wp-block-kadence-column kadence-column84_e6f09d-e9\"><div class=\"kt-inside-inner-col\"><\/div><\/div>\n\n<\/div><\/div>\n\n<style>.kb-row-layout-id84_6fa3d8-ad > .kt-row-column-wrap{align-content:start;}:where(.kb-row-layout-id84_6fa3d8-ad > .kt-row-column-wrap) > .wp-block-kadence-column{justify-content:start;}.kb-row-layout-id84_6fa3d8-ad > .kt-row-column-wrap{column-gap:var(--global-kb-gap-md, 2rem);row-gap:var(--global-kb-gap-lg, 4rem);max-width:var( --global-content-width, 1290px );padding-left:var(--global-content-edge-padding);padding-right:var(--global-content-edge-padding);padding-top:var(--global-kb-spacing-xxl, 5rem);padding-bottom:var(--global-kb-spacing-xxl, 5rem);grid-template-columns:minmax(0, 1fr);}.kb-row-layout-id84_6fa3d8-ad > .kt-row-layout-overlay{opacity:0.30;}@media all and (max-width: 1024px){.kb-row-layout-id84_6fa3d8-ad > .kt-row-column-wrap{grid-template-columns:minmax(0, 1fr);}}@media all and (max-width: 767px){.kb-row-layout-id84_6fa3d8-ad > .kt-row-column-wrap{padding-right:0px;padding-left:0px;grid-template-columns:minmax(0, 1fr);}}<\/style><div class=\"kb-row-layout-wrap kb-row-layout-id84_6fa3d8-ad alignfull has-theme-palette9-background-color kt-row-has-bg wp-block-kadence-rowlayout\"><div class=\"kt-row-column-wrap kt-has-1-columns kt-row-layout-equal kt-tab-layout-inherit kt-mobile-layout-row kt-row-valign-top kb-theme-content-width\">\n<style>.kadence-column84_fa84b1-af > .kt-inside-inner-col,.kadence-column84_fa84b1-af > .kt-inside-inner-col:before{border-top-left-radius:0px;border-top-right-radius:0px;border-bottom-right-radius:0px;border-bottom-left-radius:0px;}.kadence-column84_fa84b1-af > .kt-inside-inner-col{column-gap:var(--global-kb-gap-sm, 1rem);}.kadence-column84_fa84b1-af > .kt-inside-inner-col{flex-direction:column;}.kadence-column84_fa84b1-af > .kt-inside-inner-col > .aligncenter{width:100%;}.kadence-column84_fa84b1-af > .kt-inside-inner-col:before{opacity:0.3;}.kadence-column84_fa84b1-af{text-align:center;}.kadence-column84_fa84b1-af{position:relative;}@media all and (max-width: 1024px){.kadence-column84_fa84b1-af > .kt-inside-inner-col{padding-right:var(--global-kb-spacing-sm, 1.5rem);padding-left:var(--global-kb-spacing-sm, 1.5rem);flex-direction:column;}}@media all and (max-width: 767px){.kadence-column84_fa84b1-af > .kt-inside-inner-col{padding-right:var(--global-kb-spacing-xs, 1rem);padding-left:var(--global-kb-spacing-xs, 1rem);flex-direction:column;}}<\/style>\n<div class=\"wp-block-kadence-column kadence-column84_fa84b1-af kb-section-dir-vertical\"><div class=\"kt-inside-inner-col\"><\/div><\/div>\n\n<\/div><\/div>\n\n<style>.kb-row-layout-id84_77f12e-d5 > .kt-row-column-wrap{align-content:start;}:where(.kb-row-layout-id84_77f12e-d5 > .kt-row-column-wrap) > .wp-block-kadence-column{justify-content:start;}.kb-row-layout-id84_77f12e-d5 > .kt-row-column-wrap{column-gap:var(--global-kb-gap-md, 2rem);row-gap:var(--global-kb-gap-md, 2rem);max-width:var( --global-content-width, 1290px );padding-left:var(--global-content-edge-padding);padding-right:var(--global-content-edge-padding);padding-top:var(--global-kb-spacing-4xl, 8rem);padding-bottom:var(--global-kb-spacing-4xl, 8rem);grid-template-columns:minmax(0, 1fr);}.kb-row-layout-id84_77f12e-d5{background-image:linear-gradient(135deg,var(--global-palette1,#ffffff) 41%,var(--global-palette2,#eef2f5) 100%);}.kb-row-layout-id84_77f12e-d5 > .kt-row-layout-overlay{opacity:0.20;mix-blend-mode:multiply;}@media all and (max-width: 1024px){.kb-row-layout-id84_77f12e-d5 > .kt-row-column-wrap{grid-template-columns:minmax(0, 1fr);}}@media all and (max-width: 767px){.kb-row-layout-id84_77f12e-d5 > .kt-row-column-wrap{grid-template-columns:minmax(0, 1fr);}}<\/style><div class=\"kb-row-layout-wrap kb-row-layout-id84_77f12e-d5 alignfull has-theme-palette2-background-color kt-row-has-bg wp-block-kadence-rowlayout\"><div class=\"kt-row-column-wrap kt-has-1-columns kt-row-layout-equal kt-tab-layout-inherit kt-mobile-layout-row kt-row-valign-top kb-theme-content-width\">\n<style>.kadence-column84_e0931f-82 > .kt-inside-inner-col,.kadence-column84_e0931f-82 > .kt-inside-inner-col:before{border-top-left-radius:0px;border-top-right-radius:0px;border-bottom-right-radius:0px;border-bottom-left-radius:0px;}.kadence-column84_e0931f-82 > .kt-inside-inner-col{column-gap:var(--global-kb-gap-sm, 1rem);}.kadence-column84_e0931f-82 > .kt-inside-inner-col{flex-direction:column;}.kadence-column84_e0931f-82 > .kt-inside-inner-col > .aligncenter{width:100%;}.kadence-column84_e0931f-82 > .kt-inside-inner-col:before{opacity:0.3;}.kadence-column84_e0931f-82{position:relative;}@media all and (max-width: 1024px){.kadence-column84_e0931f-82 > .kt-inside-inner-col{flex-direction:column;}}@media all and (max-width: 767px){.kadence-column84_e0931f-82 > .kt-inside-inner-col{flex-direction:column;}}<\/style>\n<div class=\"wp-block-kadence-column kadence-column84_e0931f-82 inner-column-1\"><div class=\"kt-inside-inner-col\"><style>.wp-block-kadence-advancedheading.kt-adv-heading84_228cc9-92, .wp-block-kadence-advancedheading.kt-adv-heading84_228cc9-92[data-kb-block=\"kb-adv-heading84_228cc9-92\"]{display:block;text-align:center;font-size:var(--global-kb-font-size-sm, 0.9rem);line-height:1;font-style:normal;text-transform:uppercase;letter-spacing:1px;}.wp-block-kadence-advancedheading.kt-adv-heading84_228cc9-92 mark, .wp-block-kadence-advancedheading.kt-adv-heading84_228cc9-92[data-kb-block=\"kb-adv-heading84_228cc9-92\"] mark{font-style:normal;color:#f76a0c;padding-top:0px;padding-right:0px;padding-bottom:0px;padding-left:0px;}<\/style>\n<span class=\"kt-adv-heading84_228cc9-92 wp-block-kadence-advancedheading has-theme-palette-8-color has-text-color\" data-kb-block=\"kb-adv-heading84_228cc9-92\">Besoin d&rsquo;informations compl\u00e9mentaires<\/span>\n\n\n<style>.wp-block-kadence-advancedheading.kt-adv-heading84_3f70f7-3a, .wp-block-kadence-advancedheading.kt-adv-heading84_3f70f7-3a[data-kb-block=\"kb-adv-heading84_3f70f7-3a\"]{margin-top:var(--global-kb-spacing-xs, 1rem);margin-bottom:var(--global-kb-spacing-sm, 1.5rem);text-align:center;font-size:var(--global-kb-font-size-xl, 3rem);line-height:1.1;font-style:normal;}.wp-block-kadence-advancedheading.kt-adv-heading84_3f70f7-3a mark, .wp-block-kadence-advancedheading.kt-adv-heading84_3f70f7-3a[data-kb-block=\"kb-adv-heading84_3f70f7-3a\"] mark{font-style:normal;color:#f76a0c;padding-top:0px;padding-right:0px;padding-bottom:0px;padding-left:0px;}<\/style>\n<h2 class=\"kt-adv-heading84_3f70f7-3a wp-block-kadence-advancedheading has-theme-palette-9-color has-text-color\" data-kb-block=\"kb-adv-heading84_3f70f7-3a\">Contactez-nous<\/h2>\n\n\n<style>.wp-block-kadence-advancedbtn.kb-btns84_e1f0a2-78{gap:var(--global-kb-gap-xs, 0.5rem );justify-content:center;align-items:center;}.kt-btns84_e1f0a2-78 .kt-button{font-weight:normal;font-style:normal;}<\/style>\n<div class=\"wp-block-kadence-advancedbtn kb-buttons-wrap kb-btns84_e1f0a2-78\"><style>ul.menu .wp-block-kadence-advancedbtn .kb-btn84_95d913-12.kb-button{width:initial;}.wp-block-kadence-advancedbtn .kb-btn84_95d913-12.kb-button{color:var(--global-palette9, #ffffff);border-top-color:var(--global-palette9, #ffffff);border-top-style:solid;border-right-color:var(--global-palette9, #ffffff);border-right-style:solid;border-bottom-color:var(--global-palette9, #ffffff);border-bottom-style:solid;border-left-color:var(--global-palette9, #ffffff);border-left-style:solid;}.wp-block-kadence-advancedbtn .kb-btn84_95d913-12.kb-button:hover{color:var(--global-palette9, #ffffff);border-top-color:var(--global-palette9, #ffffff);border-top-style:solid;border-right-color:var(--global-palette9, #ffffff);border-right-style:solid;border-bottom-color:var(--global-palette9, #ffffff);border-bottom-style:solid;border-left-color:var(--global-palette9, #ffffff);border-left-style:solid;}@media all and (max-width: 1024px){.wp-block-kadence-advancedbtn .kb-btn84_95d913-12.kb-button{border-top-color:var(--global-palette9, #ffffff);border-top-style:solid;border-right-color:var(--global-palette9, #ffffff);border-right-style:solid;border-bottom-color:var(--global-palette9, #ffffff);border-bottom-style:solid;border-left-color:var(--global-palette9, #ffffff);border-left-style:solid;}}@media all and (max-width: 1024px){.wp-block-kadence-advancedbtn .kb-btn84_95d913-12.kb-button:hover{border-top-color:var(--global-palette9, #ffffff);border-top-style:solid;border-right-color:var(--global-palette9, #ffffff);border-right-style:solid;border-bottom-color:var(--global-palette9, #ffffff);border-bottom-style:solid;border-left-color:var(--global-palette9, #ffffff);border-left-style:solid;}}@media all and (max-width: 1024px){.kb-btn84_95d913-12.kb-button .kb-svg-icon-wrap{display:block;}}@media all and (max-width: 767px){.wp-block-kadence-advancedbtn .kb-btn84_95d913-12.kb-button{border-top-color:var(--global-palette9, #ffffff);border-top-style:solid;border-right-color:var(--global-palette9, #ffffff);border-right-style:solid;border-bottom-color:var(--global-palette9, #ffffff);border-bottom-style:solid;border-left-color:var(--global-palette9, #ffffff);border-left-style:solid;}.wp-block-kadence-advancedbtn .kb-btn84_95d913-12.kb-button:hover{border-top-color:var(--global-palette9, #ffffff);border-top-style:solid;border-right-color:var(--global-palette9, #ffffff);border-right-style:solid;border-bottom-color:var(--global-palette9, #ffffff);border-bottom-style:solid;border-left-color:var(--global-palette9, #ffffff);border-left-style:solid;}}<\/style><a class=\"kb-button kt-button button kb-btn84_95d913-12 kt-btn-size-standard kt-btn-width-type-auto kb-btn-global-outline kt-btn-has-text-true kt-btn-has-svg-true kb-btn-global-inherit wp-block-kadence-singlebtn\" href=\"http:\/\/sainter.cluster030.hosting.ovh.net\/index.php\/contact\/\"><span class=\"kt-btn-inner-text\">Contact<\/span><span class=\"kb-svg-icon-wrap kb-svg-icon-fe_arrowRight kt-btn-icon-side-right\"><svg viewBox=\"0 0 24 24\"  fill=\"none\" stroke=\"currentColor\" stroke-width=\"2\" stroke-linecap=\"round\" stroke-linejoin=\"round\" xmlns=\"http:\/\/www.w3.org\/2000\/svg\"  aria-hidden=\"true\"><line x1=\"5\" y1=\"12\" x2=\"19\" y2=\"12\"\/><polyline points=\"12 5 19 12 12 19\"\/><\/svg><\/span><\/a><\/div>\n<\/div><\/div>\n\n<\/div><\/div>","protected":false},"excerpt":{"rendered":"<p>Inscription Pour inscrire votre enfant \u00e0 l&rsquo;\u00e9cole Sainte Anne pour la rentr\u00e9e 2025, vous pouvez contacter le chef d&rsquo;\u00e9tablissement, M. REGIS. ecole.sainte.anne07@gmail.com 04 75 07 26 87 Besoin d&rsquo;informations compl\u00e9mentaires&#8230;<\/p>\n","protected":false},"author":1,"featured_media":0,"parent":0,"menu_order":0,"comment_status":"closed","ping_status":"closed","template":"","meta":{"_kadence_starter_templates_imported_post":false,"_kad_post_transparent":"","_kad_post_title":"","_kad_post_layout":"","_kad_post_sidebar_id":"","_kad_post_content_style":"","_kad_post_vertical_padding":"","_kad_post_feature":"","_kad_post_feature_position":"","_kad_post_header":false,"_kad_post_footer":false,"footnotes":""},"class_list":["post-84","page","type-page","status-publish","hentry"],"_links":{"self":[{"href":"https:\/\/www.sainte-anne07.fr\/index.php\/wp-json\/wp\/v2\/pages\/84","targetHints":{"allow":["GET"]}}],"collection":[{"href":"https:\/\/www.sainte-anne07.fr\/index.php\/wp-json\/wp\/v2\/pages"}],"about":[{"href":"https:\/\/www.sainte-anne07.fr\/index.php\/wp-json\/wp\/v2\/types\/page"}],"author":[{"embeddable":true,"href":"https:\/\/www.sainte-anne07.fr\/index.php\/wp-json\/wp\/v2\/users\/1"}],"replies":[{"embeddable":true,"href":"https:\/\/www.sainte-anne07.fr\/index.php\/wp-json\/wp\/v2\/comments?post=84"}],"version-history":[{"count":6,"href":"https:\/\/www.sainte-anne07.fr\/index.php\/wp-json\/wp\/v2\/pages\/84\/revisions"}],"predecessor-version":[{"id":176,"href":"https:\/\/www.sainte-anne07.fr\/index.php\/wp-json\/wp\/v2\/pages\/84\/revisions\/176"}],"wp:attachment":[{"href":"https:\/\/www.sainte-anne07.fr\/index.php\/wp-json\/wp\/v2\/media?parent=84"}],"curies":[{"name":"wp","href":"https:\/\/api.w.org\/{rel}","templated":true}]}}