{"id":97,"date":"2024-04-28T14:53:17","date_gmt":"2024-04-28T12:53:17","guid":{"rendered":"http:\/\/sainter.cluster030.hosting.ovh.net\/?page_id=97"},"modified":"2025-03-09T21:56:20","modified_gmt":"2025-03-09T20:56:20","slug":"apel-et-ogec","status":"publish","type":"page","link":"https:\/\/www.sainte-anne07.fr\/index.php\/apel-et-ogec\/","title":{"rendered":"APEL et OGEC"},"content":{"rendered":"<style>.kb-row-layout-id97_9da1e2-b1 > .kt-row-column-wrap{align-content:center;}:where(.kb-row-layout-id97_9da1e2-b1 > .kt-row-column-wrap) > .wp-block-kadence-column{justify-content:center;}.kb-row-layout-id97_9da1e2-b1 > .kt-row-column-wrap{column-gap:var(--global-kb-gap-md, 2rem);row-gap:var(--global-kb-gap-md, 2rem);max-width:var( --global-content-width, 1290px );padding-left:var(--global-content-edge-padding);padding-right:var(--global-content-edge-padding);padding-top:var(--global-kb-spacing-3xl, 6.5rem);padding-bottom:var(--global-kb-spacing-xxl, 5rem);grid-template-columns:minmax(0, 1fr);}.kb-row-layout-id97_9da1e2-b1{background-image:url('http:\/\/sainter.cluster030.hosting.ovh.net\/wp-content\/uploads\/2024\/04\/P1073313-1024x683.jpg');background-size:cover;background-position:center center;background-attachment:scroll;background-repeat:no-repeat;}.kb-row-layout-id97_9da1e2-b1 > .kt-row-layout-overlay{opacity:0.90;background:linear-gradient(135deg,var(--global-palette1,#ffffff) 0%,var(--global-palette2,#EDF2F7) 100%);mix-blend-mode:normal;}.kb-row-layout-id97_9da1e2-b1 .kt-row-layout-bottom-sep{height:100px;}.kb-row-layout-id97_9da1e2-b1 .kt-row-layout-bottom-sep svg{width:100%;}.kb-row-layout-id97_9da1e2-b1 .kt-row-layout-bottom-sep svg{fill:var(--global-palette9, #ffffff)!important;}@media all and (max-width: 1024px){.kb-row-layout-id97_9da1e2-b1 > .kt-row-column-wrap{grid-template-columns:minmax(0, 1fr);}}@media all and (max-width: 1024px){.kb-row-layout-id97_9da1e2-b1 .kt-row-layout-bottom-sep{height:px;}}@media all and (max-width: 1024px){.kb-row-layout-id97_9da1e2-b1 .kt-row-layout-bottom-sep svg{width:%;}}@media all and (max-width: 767px){.kb-row-layout-id97_9da1e2-b1 > .kt-row-column-wrap{padding-top:var(--global-kb-spacing-xl, 4rem);padding-bottom:var(--global-kb-spacing-xl, 4rem);grid-template-columns:minmax(0, 1fr);}.kb-row-layout-id97_9da1e2-b1 .kt-row-layout-bottom-sep{height:px;}.kb-row-layout-id97_9da1e2-b1 .kt-row-layout-bottom-sep svg{width:%;}}<\/style><div class=\"kb-row-layout-wrap kb-row-layout-id97_9da1e2-b1 alignfull kt-row-has-bg kb-divider-static wp-block-kadence-rowlayout\"><div class=\"kt-row-layout-overlay kt-row-overlay-gradient\"><\/div><div class=\"kt-row-layout-bottom-sep kt-row-sep-type-sltl\"><svg viewBox=\"0 0 1000 100\" preserveAspectRatio=\"none\"><path d=\"M1000,0l-1000,100l1000,0l0,-100Z\" \/><\/svg><\/div><div class=\"kt-row-column-wrap kt-has-1-columns kt-row-layout-equal kt-tab-layout-inherit kt-mobile-layout-row kt-row-valign-middle kb-theme-content-width\">\n<style>.kadence-column97_c58617-75 > .kt-inside-inner-col,.kadence-column97_c58617-75 > .kt-inside-inner-col:before{border-top-left-radius:0px;border-top-right-radius:0px;border-bottom-right-radius:0px;border-bottom-left-radius:0px;}.kadence-column97_c58617-75 > .kt-inside-inner-col{column-gap:var(--global-kb-gap-sm, 1rem);}.kadence-column97_c58617-75 > .kt-inside-inner-col{flex-direction:column;}.kadence-column97_c58617-75 > .kt-inside-inner-col > .aligncenter{width:100%;}.kadence-column97_c58617-75 > .kt-inside-inner-col:before{opacity:0.3;}.kadence-column97_c58617-75{position:relative;}@media all and (max-width: 1024px){.kadence-column97_c58617-75 > .kt-inside-inner-col{flex-direction:column;}}@media all and (max-width: 767px){.kadence-column97_c58617-75 > .kt-inside-inner-col{flex-direction:column;}}<\/style>\n<div class=\"wp-block-kadence-column kadence-column97_c58617-75 inner-column-1\"><div class=\"kt-inside-inner-col\"><style>.wp-block-kadence-advancedheading.kt-adv-heading97_9408ca-61, .wp-block-kadence-advancedheading.kt-adv-heading97_9408ca-61[data-kb-block=\"kb-adv-heading97_9408ca-61\"]{margin-top:var(--global-kb-spacing-xs, 1rem);text-align:center;font-size:var(--global-kb-font-size-xl, 3rem);line-height:1;font-style:normal;}.wp-block-kadence-advancedheading.kt-adv-heading97_9408ca-61 mark, .wp-block-kadence-advancedheading.kt-adv-heading97_9408ca-61[data-kb-block=\"kb-adv-heading97_9408ca-61\"] mark{font-style:normal;color:#f76a0c;padding-top:0px;padding-right:0px;padding-bottom:0px;padding-left:0px;}@media all and (max-width: 1024px){.wp-block-kadence-advancedheading.kt-adv-heading97_9408ca-61, .wp-block-kadence-advancedheading.kt-adv-heading97_9408ca-61[data-kb-block=\"kb-adv-heading97_9408ca-61\"]{font-size:60px;}}@media all and (max-width: 767px){.wp-block-kadence-advancedheading.kt-adv-heading97_9408ca-61, .wp-block-kadence-advancedheading.kt-adv-heading97_9408ca-61[data-kb-block=\"kb-adv-heading97_9408ca-61\"]{font-size:40px;}}<\/style>\n<h1 class=\"kt-adv-heading97_9408ca-61 wp-block-kadence-advancedheading has-theme-palette-9-color has-text-color\" data-kb-block=\"kb-adv-heading97_9408ca-61\">APEL et OGEC<\/h1>\n<\/div><\/div>\n\n\n<style>.kadence-column97_306698-9c > .kt-inside-inner-col,.kadence-column97_306698-9c > .kt-inside-inner-col:before{border-top-left-radius:0px;border-top-right-radius:0px;border-bottom-right-radius:0px;border-bottom-left-radius:0px;}.kadence-column97_306698-9c > .kt-inside-inner-col{column-gap:var(--global-kb-gap-sm, 1rem);}.kadence-column97_306698-9c > .kt-inside-inner-col{flex-direction:column;}.kadence-column97_306698-9c > .kt-inside-inner-col > .aligncenter{width:100%;}.kadence-column97_306698-9c > .kt-inside-inner-col:before{opacity:0.3;}.kadence-column97_306698-9c{position:relative;}@media all and (max-width: 1024px){.kadence-column97_306698-9c > .kt-inside-inner-col{flex-direction:column;}}@media all and (max-width: 767px){.kadence-column97_306698-9c > .kt-inside-inner-col{flex-direction:column;}}<\/style>\n<div class=\"wp-block-kadence-column kadence-column97_306698-9c\"><div class=\"kt-inside-inner-col\">\n<p class=\"has-text-align-center has-theme-palette-9-color has-text-color has-link-color has-medium-font-size wp-elements-b51216b171a9575ad72fedda3244d57c\" style=\"font-style:normal;font-weight:200\">Pr\u00e9sentation des associations de l&rsquo;\u00e9cole.<\/p>\n<\/div><\/div>\n\n<\/div><\/div>\n\n<style>.kb-row-layout-id97_ae856d-77 > .kt-row-column-wrap{align-content:start;}:where(.kb-row-layout-id97_ae856d-77 > .kt-row-column-wrap) > .wp-block-kadence-column{justify-content:start;}.kb-row-layout-id97_ae856d-77 > .kt-row-column-wrap{column-gap:var(--global-kb-gap-md, 2rem);row-gap:var(--global-kb-gap-lg, 4rem);max-width:var( --global-content-width, 1290px );padding-left:var(--global-content-edge-padding);padding-right:var(--global-content-edge-padding);padding-top:var(--global-kb-spacing-xxl, 5rem);padding-bottom:var(--global-kb-spacing-xxl, 5rem);grid-template-columns:minmax(0, 1fr);}.kb-row-layout-id97_ae856d-77 > .kt-row-layout-overlay{opacity:0.30;}@media all and (max-width: 1024px){.kb-row-layout-id97_ae856d-77 > .kt-row-column-wrap{grid-template-columns:minmax(0, 1fr);}}@media all and (max-width: 767px){.kb-row-layout-id97_ae856d-77 > .kt-row-column-wrap{padding-right:0px;padding-left:0px;grid-template-columns:minmax(0, 1fr);}}<\/style><div class=\"kb-row-layout-wrap kb-row-layout-id97_ae856d-77 alignfull has-theme-palette9-background-color kt-row-has-bg wp-block-kadence-rowlayout\"><div class=\"kt-row-column-wrap kt-has-1-columns kt-row-layout-equal kt-tab-layout-inherit kt-mobile-layout-row kt-row-valign-top kb-theme-content-width\">\n<style>.kadence-column97_d7ae9d-ff > .kt-inside-inner-col,.kadence-column97_d7ae9d-ff > .kt-inside-inner-col:before{border-top-left-radius:0px;border-top-right-radius:0px;border-bottom-right-radius:0px;border-bottom-left-radius:0px;}.kadence-column97_d7ae9d-ff > .kt-inside-inner-col{column-gap:var(--global-kb-gap-sm, 1rem);}.kadence-column97_d7ae9d-ff > .kt-inside-inner-col{flex-direction:column;}.kadence-column97_d7ae9d-ff > .kt-inside-inner-col > .aligncenter{width:100%;}.kadence-column97_d7ae9d-ff > .kt-inside-inner-col:before{opacity:0.3;}.kadence-column97_d7ae9d-ff{text-align:center;}.kadence-column97_d7ae9d-ff{position:relative;}@media all and (max-width: 1024px){.kadence-column97_d7ae9d-ff > .kt-inside-inner-col{padding-right:var(--global-kb-spacing-sm, 1.5rem);padding-left:var(--global-kb-spacing-sm, 1.5rem);flex-direction:column;}}@media all and (max-width: 767px){.kadence-column97_d7ae9d-ff > .kt-inside-inner-col{padding-right:var(--global-kb-spacing-xs, 1rem);padding-left:var(--global-kb-spacing-xs, 1rem);flex-direction:column;}}<\/style>\n<div class=\"wp-block-kadence-column kadence-column97_d7ae9d-ff kb-section-dir-vertical\"><div class=\"kt-inside-inner-col\">\n<div class=\"wp-block-group is-nowrap is-layout-flex wp-container-core-group-is-layout-ad2f72ca wp-block-group-is-layout-flex\">\n<figure class=\"wp-block-image size-large\"><img loading=\"lazy\" decoding=\"async\" width=\"750\" height=\"1024\" src=\"http:\/\/sainter.cluster030.hosting.ovh.net\/wp-content\/uploads\/2024\/04\/LOgec-Role-Mission-2022-750x1024.jpg\" alt=\"\" class=\"wp-image-98\" srcset=\"https:\/\/www.sainte-anne07.fr\/wp-content\/uploads\/2024\/04\/LOgec-Role-Mission-2022-750x1024.jpg 750w, https:\/\/www.sainte-anne07.fr\/wp-content\/uploads\/2024\/04\/LOgec-Role-Mission-2022-220x300.jpg 220w, https:\/\/www.sainte-anne07.fr\/wp-content\/uploads\/2024\/04\/LOgec-Role-Mission-2022-768x1049.jpg 768w, https:\/\/www.sainte-anne07.fr\/wp-content\/uploads\/2024\/04\/LOgec-Role-Mission-2022-1124x1536.jpg 1124w, https:\/\/www.sainte-anne07.fr\/wp-content\/uploads\/2024\/04\/LOgec-Role-Mission-2022-1499x2048.jpg 1499w, https:\/\/www.sainte-anne07.fr\/wp-content\/uploads\/2024\/04\/LOgec-Role-Mission-2022-scaled.jpg 1874w\" sizes=\"auto, (max-width: 750px) 100vw, 750px\" \/><\/figure>\n\n\n\n<figure class=\"wp-block-image size-large\"><img loading=\"lazy\" decoding=\"async\" width=\"723\" height=\"1024\" src=\"http:\/\/sainter.cluster030.hosting.ovh.net\/wp-content\/uploads\/2024\/04\/brochure-APEL-2022-723x1024.jpg\" alt=\"\" class=\"wp-image-99\" srcset=\"https:\/\/www.sainte-anne07.fr\/wp-content\/uploads\/2024\/04\/brochure-APEL-2022-723x1024.jpg 723w, https:\/\/www.sainte-anne07.fr\/wp-content\/uploads\/2024\/04\/brochure-APEL-2022-212x300.jpg 212w, https:\/\/www.sainte-anne07.fr\/wp-content\/uploads\/2024\/04\/brochure-APEL-2022-768x1088.jpg 768w, https:\/\/www.sainte-anne07.fr\/wp-content\/uploads\/2024\/04\/brochure-APEL-2022-1084x1536.jpg 1084w, https:\/\/www.sainte-anne07.fr\/wp-content\/uploads\/2024\/04\/brochure-APEL-2022-1445x2048.jpg 1445w, https:\/\/www.sainte-anne07.fr\/wp-content\/uploads\/2024\/04\/brochure-APEL-2022.jpg 1482w\" sizes=\"auto, (max-width: 723px) 100vw, 723px\" \/><\/figure>\n<\/div>\n<\/div><\/div>\n\n<\/div><\/div>\n\n<style>.kb-row-layout-id97_f6d480-07 > .kt-row-column-wrap{align-content:start;}:where(.kb-row-layout-id97_f6d480-07 > .kt-row-column-wrap) > .wp-block-kadence-column{justify-content:start;}.kb-row-layout-id97_f6d480-07 > .kt-row-column-wrap{column-gap:var(--global-kb-gap-md, 2rem);row-gap:var(--global-kb-gap-md, 2rem);max-width:var( --global-content-width, 1290px );padding-left:var(--global-content-edge-padding);padding-right:var(--global-content-edge-padding);padding-top:var(--global-kb-spacing-4xl, 8rem);padding-bottom:var(--global-kb-spacing-4xl, 8rem);grid-template-columns:minmax(0, 1fr);}.kb-row-layout-id97_f6d480-07{background-image:linear-gradient(135deg,var(--global-palette1,#ffffff) 41%,var(--global-palette2,#eef2f5) 100%);}.kb-row-layout-id97_f6d480-07 > .kt-row-layout-overlay{opacity:0.20;mix-blend-mode:multiply;}@media all and (max-width: 1024px){.kb-row-layout-id97_f6d480-07 > .kt-row-column-wrap{grid-template-columns:minmax(0, 1fr);}}@media all and (max-width: 767px){.kb-row-layout-id97_f6d480-07 > .kt-row-column-wrap{grid-template-columns:minmax(0, 1fr);}}<\/style><div class=\"kb-row-layout-wrap kb-row-layout-id97_f6d480-07 alignfull has-theme-palette2-background-color kt-row-has-bg wp-block-kadence-rowlayout\"><div class=\"kt-row-column-wrap kt-has-1-columns kt-row-layout-equal kt-tab-layout-inherit kt-mobile-layout-row kt-row-valign-top kb-theme-content-width\">\n<style>.kadence-column97_24bac9-7c > .kt-inside-inner-col,.kadence-column97_24bac9-7c > .kt-inside-inner-col:before{border-top-left-radius:0px;border-top-right-radius:0px;border-bottom-right-radius:0px;border-bottom-left-radius:0px;}.kadence-column97_24bac9-7c > .kt-inside-inner-col{column-gap:var(--global-kb-gap-sm, 1rem);}.kadence-column97_24bac9-7c > .kt-inside-inner-col{flex-direction:column;}.kadence-column97_24bac9-7c > .kt-inside-inner-col > .aligncenter{width:100%;}.kadence-column97_24bac9-7c > .kt-inside-inner-col:before{opacity:0.3;}.kadence-column97_24bac9-7c{position:relative;}@media all and (max-width: 1024px){.kadence-column97_24bac9-7c > .kt-inside-inner-col{flex-direction:column;}}@media all and (max-width: 767px){.kadence-column97_24bac9-7c > .kt-inside-inner-col{flex-direction:column;}}<\/style>\n<div class=\"wp-block-kadence-column kadence-column97_24bac9-7c inner-column-1\"><div class=\"kt-inside-inner-col\"><style>.wp-block-kadence-advancedheading.kt-adv-heading97_2621e3-eb, .wp-block-kadence-advancedheading.kt-adv-heading97_2621e3-eb[data-kb-block=\"kb-adv-heading97_2621e3-eb\"]{display:block;text-align:center;font-size:var(--global-kb-font-size-sm, 0.9rem);line-height:1;font-style:normal;text-transform:uppercase;letter-spacing:1px;}.wp-block-kadence-advancedheading.kt-adv-heading97_2621e3-eb mark, .wp-block-kadence-advancedheading.kt-adv-heading97_2621e3-eb[data-kb-block=\"kb-adv-heading97_2621e3-eb\"] mark{font-style:normal;color:#f76a0c;padding-top:0px;padding-right:0px;padding-bottom:0px;padding-left:0px;}<\/style>\n<span class=\"kt-adv-heading97_2621e3-eb wp-block-kadence-advancedheading has-theme-palette-8-color has-text-color\" data-kb-block=\"kb-adv-heading97_2621e3-eb\">Besoin d&rsquo;informations compl\u00e9mentaires<\/span>\n\n\n<style>.wp-block-kadence-advancedheading.kt-adv-heading97_7e0941-cf, .wp-block-kadence-advancedheading.kt-adv-heading97_7e0941-cf[data-kb-block=\"kb-adv-heading97_7e0941-cf\"]{margin-top:var(--global-kb-spacing-xs, 1rem);margin-bottom:var(--global-kb-spacing-sm, 1.5rem);text-align:center;font-size:var(--global-kb-font-size-xl, 3rem);line-height:1.1;font-style:normal;}.wp-block-kadence-advancedheading.kt-adv-heading97_7e0941-cf mark, .wp-block-kadence-advancedheading.kt-adv-heading97_7e0941-cf[data-kb-block=\"kb-adv-heading97_7e0941-cf\"] mark{font-style:normal;color:#f76a0c;padding-top:0px;padding-right:0px;padding-bottom:0px;padding-left:0px;}<\/style>\n<h2 class=\"kt-adv-heading97_7e0941-cf wp-block-kadence-advancedheading has-theme-palette-9-color has-text-color\" data-kb-block=\"kb-adv-heading97_7e0941-cf\">Contactez-nous<\/h2>\n\n\n<style>.wp-block-kadence-advancedbtn.kb-btns97_ea226b-c5{gap:var(--global-kb-gap-xs, 0.5rem );justify-content:center;align-items:center;}.kt-btns97_ea226b-c5 .kt-button{font-weight:normal;font-style:normal;}<\/style>\n<div class=\"wp-block-kadence-advancedbtn kb-buttons-wrap kb-btns97_ea226b-c5\"><style>ul.menu .wp-block-kadence-advancedbtn .kb-btn97_87b711-c7.kb-button{width:initial;}.wp-block-kadence-advancedbtn .kb-btn97_87b711-c7.kb-button{color:var(--global-palette9, #ffffff);border-top-color:var(--global-palette9, #ffffff);border-top-style:solid;border-right-color:var(--global-palette9, #ffffff);border-right-style:solid;border-bottom-color:var(--global-palette9, #ffffff);border-bottom-style:solid;border-left-color:var(--global-palette9, #ffffff);border-left-style:solid;}.wp-block-kadence-advancedbtn .kb-btn97_87b711-c7.kb-button:hover{color:var(--global-palette9, #ffffff);border-top-color:var(--global-palette9, #ffffff);border-top-style:solid;border-right-color:var(--global-palette9, #ffffff);border-right-style:solid;border-bottom-color:var(--global-palette9, #ffffff);border-bottom-style:solid;border-left-color:var(--global-palette9, #ffffff);border-left-style:solid;}@media all and (max-width: 1024px){.wp-block-kadence-advancedbtn .kb-btn97_87b711-c7.kb-button{border-top-color:var(--global-palette9, #ffffff);border-top-style:solid;border-right-color:var(--global-palette9, #ffffff);border-right-style:solid;border-bottom-color:var(--global-palette9, #ffffff);border-bottom-style:solid;border-left-color:var(--global-palette9, #ffffff);border-left-style:solid;}}@media all and (max-width: 1024px){.wp-block-kadence-advancedbtn .kb-btn97_87b711-c7.kb-button:hover{border-top-color:var(--global-palette9, #ffffff);border-top-style:solid;border-right-color:var(--global-palette9, #ffffff);border-right-style:solid;border-bottom-color:var(--global-palette9, #ffffff);border-bottom-style:solid;border-left-color:var(--global-palette9, #ffffff);border-left-style:solid;}}@media all and (max-width: 1024px){.kb-btn97_87b711-c7.kb-button .kb-svg-icon-wrap{display:block;}}@media all and (max-width: 767px){.wp-block-kadence-advancedbtn .kb-btn97_87b711-c7.kb-button{border-top-color:var(--global-palette9, #ffffff);border-top-style:solid;border-right-color:var(--global-palette9, #ffffff);border-right-style:solid;border-bottom-color:var(--global-palette9, #ffffff);border-bottom-style:solid;border-left-color:var(--global-palette9, #ffffff);border-left-style:solid;}.wp-block-kadence-advancedbtn .kb-btn97_87b711-c7.kb-button:hover{border-top-color:var(--global-palette9, #ffffff);border-top-style:solid;border-right-color:var(--global-palette9, #ffffff);border-right-style:solid;border-bottom-color:var(--global-palette9, #ffffff);border-bottom-style:solid;border-left-color:var(--global-palette9, #ffffff);border-left-style:solid;}}<\/style><a class=\"kb-button kt-button button kb-btn97_87b711-c7 kt-btn-size-standard kt-btn-width-type-auto kb-btn-global-outline kt-btn-has-text-true kt-btn-has-svg-true kb-btn-global-inherit wp-block-kadence-singlebtn\" href=\"http:\/\/sainter.cluster030.hosting.ovh.net\/index.php\/contact\/\"><span class=\"kt-btn-inner-text\">Contact<\/span><span class=\"kb-svg-icon-wrap kb-svg-icon-fe_arrowRight kt-btn-icon-side-right\"><svg viewBox=\"0 0 24 24\"  fill=\"none\" stroke=\"currentColor\" stroke-width=\"2\" stroke-linecap=\"round\" stroke-linejoin=\"round\" xmlns=\"http:\/\/www.w3.org\/2000\/svg\"  aria-hidden=\"true\"><line x1=\"5\" y1=\"12\" x2=\"19\" y2=\"12\"\/><polyline points=\"12 5 19 12 12 19\"\/><\/svg><\/span><\/a><\/div>\n<\/div><\/div>\n\n<\/div><\/div>","protected":false},"excerpt":{"rendered":"<p>APEL et OGEC Pr\u00e9sentation des associations de l&rsquo;\u00e9cole. Besoin d&rsquo;informations compl\u00e9mentaires Contactez-nous<\/p>\n","protected":false},"author":1,"featured_media":0,"parent":0,"menu_order":0,"comment_status":"closed","ping_status":"closed","template":"","meta":{"_kadence_starter_templates_imported_post":false,"_kad_post_transparent":"","_kad_post_title":"","_kad_post_layout":"","_kad_post_sidebar_id":"","_kad_post_content_style":"","_kad_post_vertical_padding":"","_kad_post_feature":"","_kad_post_feature_position":"","_kad_post_header":false,"_kad_post_footer":false,"footnotes":""},"class_list":["post-97","page","type-page","status-publish","hentry"],"_links":{"self":[{"href":"https:\/\/www.sainte-anne07.fr\/index.php\/wp-json\/wp\/v2\/pages\/97","targetHints":{"allow":["GET"]}}],"collection":[{"href":"https:\/\/www.sainte-anne07.fr\/index.php\/wp-json\/wp\/v2\/pages"}],"about":[{"href":"https:\/\/www.sainte-anne07.fr\/index.php\/wp-json\/wp\/v2\/types\/page"}],"author":[{"embeddable":true,"href":"https:\/\/www.sainte-anne07.fr\/index.php\/wp-json\/wp\/v2\/users\/1"}],"replies":[{"embeddable":true,"href":"https:\/\/www.sainte-anne07.fr\/index.php\/wp-json\/wp\/v2\/comments?post=97"}],"version-history":[{"count":1,"href":"https:\/\/www.sainte-anne07.fr\/index.php\/wp-json\/wp\/v2\/pages\/97\/revisions"}],"predecessor-version":[{"id":100,"href":"https:\/\/www.sainte-anne07.fr\/index.php\/wp-json\/wp\/v2\/pages\/97\/revisions\/100"}],"wp:attachment":[{"href":"https:\/\/www.sainte-anne07.fr\/index.php\/wp-json\/wp\/v2\/media?parent=97"}],"curies":[{"name":"wp","href":"https:\/\/api.w.org\/{rel}","templated":true}]}}